{"id":54,"date":"2023-01-30T16:16:33","date_gmt":"2023-01-30T15:16:33","guid":{"rendered":"http:\/\/dev.magischesgeschenkpapier.de\/wordpress\/?page_id=54"},"modified":"2023-08-21T13:15:04","modified_gmt":"2023-08-21T11:15:04","slug":"impressum","status":"publish","type":"page","link":"http:\/\/dev.magischesgeschenkpapier.de\/wordpress\/impressum\/","title":{"rendered":"Impressum"},"content":{"rendered":"\n<p>Geschenkpapier by Nehlsen ist ein Projekt der<br>Nehlsen Professional Copy GmbH<br>Ulmenstra\u00dfe 21<br>22299 Hamburg<\/p>\n\n\n\n<p>Telefon: +49 (0) 40 48 06 21 &#8211; 0<br>Fax: +49 (0) 40 48 06 21 &#8211; 29<\/p>\n\n\n\n<p>E-Mail: hallo@magischesgeschenkpapier.de<br>www.magischesgeschenkpapier.de<\/p>\n\n\n\n<p>Gesch\u00e4ftsf\u00fchrer: Charlotte Pudelko, Julia Nehlsen-Leenen und Hans-Peter Nehlsen<br>Sitz der Gesellschaft: Hamburg-Winterhude<br>Registergericht: Hamburg HRB 38103<br>Umsatzsteuer-Identifikationsnummer gem\u00e4\u00df \u00a727 a Umsatzsteuergesetz: DE118668769<\/p>\n\n\n\n<h4 class=\"wp-block-heading\">Streitschlichtung<\/h4>\n\n\n\n<p>Die Europ\u00e4ische Kommission stellt eine Plattform zur Online-Streitbeilegung (OS) bereit: <a href=\"https:\/\/ec.europa.eu\/consumers\/odr\" target=\"_blank\" rel=\"noreferrer noopener\"><\/a><a href=\"https:\/\/ec.europa.eu\/consumers\/odr\">ec.europa.eu\/consumers\/odr<\/a>.<br>Unsere E-Mail-Adresse finden Sie oben im Impressum.<\/p>\n\n\n\n<p>Wir nehmen an einem Streitbeilegungsverfahren vor einer Verbraucherschlichtungsstelle teil. Die zust\u00e4ndige Verbraucherschlichtungsstelle ist:<\/p>\n\n\n\n<p><a href=\"http:\/\/ec.europa.eu\/consumers\/odr\/\" target=\"_blank\" rel=\"noreferrer noopener\"><\/a><a href=\"http:\/\/ec.europa.eu\/consumers\/odr\/\">ec.europa.eu\/consumers\/odr\/<\/a><\/p>\n\n\n\n<h4 class=\"wp-block-heading\">Haftungsausschluss:<\/h4>\n\n\n\n<p>Wenn Sie auf einen externen Link klicken, verlassen Sie die Webseite von Nehlsen Professional Copy. Nehlsen Professional Copy \u00fcbernimmt keine Haftung f\u00fcr die Inhalte der verkn\u00fcpften Seiten. F\u00fcr den Inhalt sind ausschlie\u00dflich deren Betreiber verantwortlich. Nehlsen Professional Copy hat nicht alle Webseiten dieser Drittanbieter \u00fcberpr\u00fcft und keinen Einfluss auf deren Inhalt.<\/p>\n","protected":false},"excerpt":{"rendered":"<p>Geschenkpapier by Nehlsen ist ein Projekt derNehlsen Professional Copy GmbHUlmenstra\u00dfe 2122299 Hamburg Telefon: +49 (0) 40 48 06 21 &#8211; 0Fax: +49 (0) 40 48 06 21 &#8211; 29 E-Mail: hallo@magischesgeschenkpapier.dewww.magischesgeschenkpapier.de Gesch\u00e4ftsf\u00fchrer: Charlotte Pudelko, Julia Nehlsen-Leenen und Hans-Peter NehlsenSitz der Gesellschaft: Hamburg-WinterhudeRegistergericht: Hamburg HRB 38103Umsatzsteuer-Identifikationsnummer gem\u00e4\u00df \u00a727 a Umsatzsteuergesetz: DE118668769 Streitschlichtung Die Europ\u00e4ische Kommission stellt [&hellip;]<\/p>\n","protected":false},"author":1,"featured_media":0,"parent":0,"menu_order":0,"comment_status":"closed","ping_status":"closed","template":"","meta":{"footnotes":""},"class_list":["post-54","page","type-page","status-publish","hentry"],"_links":{"self":[{"href":"http:\/\/dev.magischesgeschenkpapier.de\/wordpress\/wp-json\/wp\/v2\/pages\/54","targetHints":{"allow":["GET"]}}],"collection":[{"href":"http:\/\/dev.magischesgeschenkpapier.de\/wordpress\/wp-json\/wp\/v2\/pages"}],"about":[{"href":"http:\/\/dev.magischesgeschenkpapier.de\/wordpress\/wp-json\/wp\/v2\/types\/page"}],"author":[{"embeddable":true,"href":"http:\/\/dev.magischesgeschenkpapier.de\/wordpress\/wp-json\/wp\/v2\/users\/1"}],"replies":[{"embeddable":true,"href":"http:\/\/dev.magischesgeschenkpapier.de\/wordpress\/wp-json\/wp\/v2\/comments?post=54"}],"version-history":[{"count":3,"href":"http:\/\/dev.magischesgeschenkpapier.de\/wordpress\/wp-json\/wp\/v2\/pages\/54\/revisions"}],"predecessor-version":[{"id":139,"href":"http:\/\/dev.magischesgeschenkpapier.de\/wordpress\/wp-json\/wp\/v2\/pages\/54\/revisions\/139"}],"wp:attachment":[{"href":"http:\/\/dev.magischesgeschenkpapier.de\/wordpress\/wp-json\/wp\/v2\/media?parent=54"}],"curies":[{"name":"wp","href":"https:\/\/api.w.org\/{rel}","templated":true}]}}