{"id":62,"date":"2023-01-30T16:34:19","date_gmt":"2023-01-30T15:34:19","guid":{"rendered":"http:\/\/dev.magischesgeschenkpapier.de\/wordpress\/?page_id=62"},"modified":"2024-08-06T15:57:31","modified_gmt":"2024-08-06T13:57:31","slug":"magisches-geschenkpapier-von-nehlsen","status":"publish","type":"page","link":"https:\/\/dev.magischesgeschenkpapier.de\/wordpress\/","title":{"rendered":"Wir drucken personalisiertes (!) Geschenkpapier \u2013 ab 1 Bogen!"},"content":{"rendered":"\n<h4 class=\"wp-block-heading has-text-align-center\">Sie m\u00f6chten Ihren Kunden und Mitarbeiter:innen Wertsch\u00e4tzung entgegenbringen? Ihre Filialen mit einzigartigen PoS-Artikeln begl\u00fccken? Neue Kunden gewinnen? Ihre Marketing-Materialien in Szene setzen? <br><strong>Wir haben das passende Geschenkpapier.<br>Individuell, personalisiert \u2013 mit blitzschnellem Geschenkpapier-Druckservice.<\/strong><\/h4>\n\n\n\n<div class=\"wp-block-columns is-layout-flex wp-container-core-columns-is-layout-28f84493 wp-block-columns-is-layout-flex\">\n<div class=\"wp-block-column is-layout-flow wp-block-column-is-layout-flow\">\n<figure class=\"wp-block-image size-large\"><img loading=\"lazy\" decoding=\"async\" width=\"1024\" height=\"731\" src=\"http:\/\/dev.magischesgeschenkpapier.de\/wordpress\/wp-content\/uploads\/2023\/01\/WP-B2B-LogoClaim-Rapport1_70x168-1024x731.jpg\" alt=\"\" class=\"wp-image-9\" srcset=\"https:\/\/dev.magischesgeschenkpapier.de\/wordpress\/wp-content\/uploads\/2023\/01\/WP-B2B-LogoClaim-Rapport1_70x168-1024x731.jpg 1024w, https:\/\/dev.magischesgeschenkpapier.de\/wordpress\/wp-content\/uploads\/2023\/01\/WP-B2B-LogoClaim-Rapport1_70x168-300x214.jpg 300w, https:\/\/dev.magischesgeschenkpapier.de\/wordpress\/wp-content\/uploads\/2023\/01\/WP-B2B-LogoClaim-Rapport1_70x168-768x548.jpg 768w, https:\/\/dev.magischesgeschenkpapier.de\/wordpress\/wp-content\/uploads\/2023\/01\/WP-B2B-LogoClaim-Rapport1_70x168-1536x1097.jpg 1536w, https:\/\/dev.magischesgeschenkpapier.de\/wordpress\/wp-content\/uploads\/2023\/01\/WP-B2B-LogoClaim-Rapport1_70x168-2048x1463.jpg 2048w\" sizes=\"auto, (max-width: 1024px) 100vw, 1024px\" \/><figcaption class=\"wp-element-caption\">Beispiel Geschenkpapier mit Logo und Claim \/ Text<\/figcaption><\/figure>\n<\/div>\n\n\n\n<div class=\"wp-block-column is-layout-flow wp-block-column-is-layout-flow\">\n<figure class=\"wp-block-image size-large\"><img loading=\"lazy\" decoding=\"async\" width=\"1024\" height=\"731\" src=\"http:\/\/dev.magischesgeschenkpapier.de\/wordpress\/wp-content\/uploads\/2023\/01\/WP-B2B-Konfetti-Dummy_70x168-1024x731.jpg\" alt=\"\" class=\"wp-image-7\" srcset=\"https:\/\/dev.magischesgeschenkpapier.de\/wordpress\/wp-content\/uploads\/2023\/01\/WP-B2B-Konfetti-Dummy_70x168-1024x731.jpg 1024w, https:\/\/dev.magischesgeschenkpapier.de\/wordpress\/wp-content\/uploads\/2023\/01\/WP-B2B-Konfetti-Dummy_70x168-300x214.jpg 300w, https:\/\/dev.magischesgeschenkpapier.de\/wordpress\/wp-content\/uploads\/2023\/01\/WP-B2B-Konfetti-Dummy_70x168-768x548.jpg 768w, https:\/\/dev.magischesgeschenkpapier.de\/wordpress\/wp-content\/uploads\/2023\/01\/WP-B2B-Konfetti-Dummy_70x168-1536x1097.jpg 1536w, https:\/\/dev.magischesgeschenkpapier.de\/wordpress\/wp-content\/uploads\/2023\/01\/WP-B2B-Konfetti-Dummy_70x168.jpg 2000w\" sizes=\"auto, (max-width: 1024px) 100vw, 1024px\" \/><figcaption class=\"wp-element-caption\">Ihr Logo im Konfetti-Design und Ihren Farben<\/figcaption><\/figure>\n<\/div>\n<\/div>\n\n\n\n<figure class=\"wp-block-image size-large\"><img loading=\"lazy\" decoding=\"async\" width=\"1024\" height=\"731\" src=\"http:\/\/dev.magischesgeschenkpapier.de\/wordpress\/wp-content\/uploads\/2023\/01\/WP-B2B-Konfetti_70x168-1024x731.jpg\" alt=\"\" class=\"wp-image-6\" srcset=\"https:\/\/dev.magischesgeschenkpapier.de\/wordpress\/wp-content\/uploads\/2023\/01\/WP-B2B-Konfetti_70x168-1024x731.jpg 1024w, https:\/\/dev.magischesgeschenkpapier.de\/wordpress\/wp-content\/uploads\/2023\/01\/WP-B2B-Konfetti_70x168-300x214.jpg 300w, https:\/\/dev.magischesgeschenkpapier.de\/wordpress\/wp-content\/uploads\/2023\/01\/WP-B2B-Konfetti_70x168-768x548.jpg 768w, https:\/\/dev.magischesgeschenkpapier.de\/wordpress\/wp-content\/uploads\/2023\/01\/WP-B2B-Konfetti_70x168-1536x1097.jpg 1536w, https:\/\/dev.magischesgeschenkpapier.de\/wordpress\/wp-content\/uploads\/2023\/01\/WP-B2B-Konfetti_70x168.jpg 2000w\" sizes=\"auto, (max-width: 1024px) 100vw, 1024px\" \/><figcaption class=\"wp-element-caption\"><em>Beispiel unser Logo im Konfetti-Design und unseren Hausfarben<\/em><\/figcaption><\/figure>\n\n\n\n<p class=\"has-text-align-center\"><strong>Binden Sie Ihre Kunden an Ihr Unternehmen und gewinnen Sie neue durch einzigartige Verpackungsl\u00f6sungen.<\/strong><br>Als Unternehmen ist es wichtig, eine starke und einpr\u00e4gsame Marke aufzubauen. Eine M\u00f6glichkeit, das zu erreichen, ist durch eine individuelle Verpackungsl\u00f6sung mit pers\u00f6nlicher Ansprache. Mit unserem personalisierten Geschenkpapier k\u00f6nnen Sie Ihre Marke st\u00e4rken und Ihre Kunden begeistern.<\/p>\n\n\n\n<p class=\"has-text-align-center\"><strong>Testen Sie neue Kommunikationsstrategien:<\/strong> Wir drucken Ihr pers\u00f6nliches Geschenkpapier, mit Ihrem Logo, Claim und Wunschtexten. W\u00e4hlen Sie aus unseren Designs und wir erstellen den Rapport f\u00fcr Sie oder lassen Sie Ihr exklusives Design von uns entwickeln. Selbstverst\u00e4dnlich k\u00f6nnen Sie auch Ihre druckf\u00e4higen Daten schicken und wir produzieren innerhalb eines Werktages (Mo-Fr, Dateneingang bis 11 Uhr).<\/p>\n\n\n\n<h2 class=\"wp-block-heading has-text-align-center\">Drehen Sie Reels und Unboxing-Videos?<\/h2>\n\n\n\n<h3 class=\"wp-block-heading has-text-align-center\">Dann heben Sie sich jetzt von Ihren Mitbewerbern ab.<\/h3>\n\n\n\n<div class=\"wp-block-group alignwide has-global-padding is-layout-constrained wp-block-group-is-layout-constrained\">\n<div class=\"wp-block-columns is-layout-flex wp-container-core-columns-is-layout-28f84493 wp-block-columns-is-layout-flex\">\n<div class=\"wp-block-column is-layout-flow wp-block-column-is-layout-flow\" style=\"flex-basis:100%\">\n<figure class=\"wp-block-image alignwide size-large\"><img loading=\"lazy\" decoding=\"async\" width=\"1024\" height=\"731\" src=\"http:\/\/dev.magischesgeschenkpapier.de\/wordpress\/wp-content\/uploads\/2023\/01\/WP-B2B-Kinderpapier-Meer_70x168-1024x731.jpg\" alt=\"\" class=\"wp-image-5\" srcset=\"https:\/\/dev.magischesgeschenkpapier.de\/wordpress\/wp-content\/uploads\/2023\/01\/WP-B2B-Kinderpapier-Meer_70x168-1024x731.jpg 1024w, https:\/\/dev.magischesgeschenkpapier.de\/wordpress\/wp-content\/uploads\/2023\/01\/WP-B2B-Kinderpapier-Meer_70x168-300x214.jpg 300w, https:\/\/dev.magischesgeschenkpapier.de\/wordpress\/wp-content\/uploads\/2023\/01\/WP-B2B-Kinderpapier-Meer_70x168-768x548.jpg 768w, https:\/\/dev.magischesgeschenkpapier.de\/wordpress\/wp-content\/uploads\/2023\/01\/WP-B2B-Kinderpapier-Meer_70x168-1536x1097.jpg 1536w, https:\/\/dev.magischesgeschenkpapier.de\/wordpress\/wp-content\/uploads\/2023\/01\/WP-B2B-Kinderpapier-Meer_70x168.jpg 2000w\" sizes=\"auto, (max-width: 1024px) 100vw, 1024px\" \/><figcaption class=\"wp-element-caption\">3D-Visualisierung Geschenkpapier f\u00fcr Kinder Logo + Meerestiere<\/figcaption><\/figure>\n<\/div>\n<\/div>\n\n\n\n<figure class=\"wp-block-image alignwide size-large\"><img loading=\"lazy\" decoding=\"async\" width=\"1024\" height=\"399\" src=\"http:\/\/dev.magischesgeschenkpapier.de\/wordpress\/wp-content\/uploads\/2023\/01\/rapport-logo-meerestiere-1024x399.png\" alt=\"\" class=\"wp-image-90\" srcset=\"https:\/\/dev.magischesgeschenkpapier.de\/wordpress\/wp-content\/uploads\/2023\/01\/rapport-logo-meerestiere-1024x399.png 1024w, https:\/\/dev.magischesgeschenkpapier.de\/wordpress\/wp-content\/uploads\/2023\/01\/rapport-logo-meerestiere-300x117.png 300w, https:\/\/dev.magischesgeschenkpapier.de\/wordpress\/wp-content\/uploads\/2023\/01\/rapport-logo-meerestiere-768x300.png 768w, https:\/\/dev.magischesgeschenkpapier.de\/wordpress\/wp-content\/uploads\/2023\/01\/rapport-logo-meerestiere.png 1200w\" sizes=\"auto, (max-width: 1024px) 100vw, 1024px\" \/><figcaption class=\"wp-element-caption\"><em>Sie schicken Ihr Logo, ggf. Ihren Style Guide und wir erstellen aus Ihren Daten einen druckf\u00e4higen Rapport. Produktionszeit 1 Werktag (Montag bis Freitag, Dateneingang bis 11 Uhr), Same-Day auf Anfrage m\u00f6glich.<\/em><\/figcaption><\/figure>\n<\/div>\n\n\n\n<div style=\"height:60px\" aria-hidden=\"true\" class=\"wp-block-spacer\"><\/div>\n\n\n\n<h2 class=\"wp-block-heading has-text-align-center\">Ihre Vorteile auf einem Blick:<\/h2>\n\n\n\n<ul class=\"wp-block-list\">\n<li>Abnahme ab 1 Bogen, keine Mindestbestellmenge<\/li>\n\n\n\n<li>Individuelle Gestaltung mit Ihrem Corporate Design, Logo, Claim und Texten<\/li>\n\n\n\n<li>Hohe Aufmerksamkeit bei Kunden und Gesch\u00e4ftspartnern<\/li>\n\n\n\n<li>Professionelle Verpackungsl\u00f6sung f\u00fcr Geschenke und Marketingmaterialien<\/li>\n\n\n\n<li>Ihr Individualisierte PoS-Produkt<\/li>\n\n\n\n<li>Keine Druckvorstufe n\u00f6tig: w\u00e4hlen Sie aus fertigen Designs, wir erstellen die Rapporte<\/li>\n\n\n\n<li>Testen Sie Ihre Kommunikationsstrategie mit kleinen Auflagen<\/li>\n\n\n\n<li>Schnelle Produktion: Wir produzieren innerhalb eines Werktages (Mo-Fr)<\/li>\n\n\n\n<li>Zuverl\u00e4\u00dfige Produktion: Hamburger Digitaldruckerei mit \u00fcber 50 Jahren Expertise rund um Reproduktion \u2013 analog und digital<\/li>\n\n\n\n<li>Kostenlose Abholung in Hamburg m\u00f6glich<\/li>\n<\/ul>\n\n\n\n<div style=\"height:60px\" aria-hidden=\"true\" class=\"wp-block-spacer\"><\/div>\n\n\n\n<h2 class=\"wp-block-heading alignwide has-text-align-center\">Formate, Papier und Preise<\/h2>\n\n\n\n<figure class=\"wp-block-image size-large\"><img loading=\"lazy\" decoding=\"async\" width=\"1024\" height=\"1011\" src=\"http:\/\/dev.magischesgeschenkpapier.de\/wordpress\/wp-content\/uploads\/2023\/08\/nehlsen-formate-geschenkpapier-1024x1011.png\" alt=\"\" class=\"wp-image-128\" srcset=\"https:\/\/dev.magischesgeschenkpapier.de\/wordpress\/wp-content\/uploads\/2023\/08\/nehlsen-formate-geschenkpapier-1024x1011.png 1024w, https:\/\/dev.magischesgeschenkpapier.de\/wordpress\/wp-content\/uploads\/2023\/08\/nehlsen-formate-geschenkpapier-300x296.png 300w, https:\/\/dev.magischesgeschenkpapier.de\/wordpress\/wp-content\/uploads\/2023\/08\/nehlsen-formate-geschenkpapier-768x759.png 768w, https:\/\/dev.magischesgeschenkpapier.de\/wordpress\/wp-content\/uploads\/2023\/08\/nehlsen-formate-geschenkpapier-1536x1517.png 1536w, https:\/\/dev.magischesgeschenkpapier.de\/wordpress\/wp-content\/uploads\/2023\/08\/nehlsen-formate-geschenkpapier.png 1620w\" sizes=\"auto, (max-width: 1024px) 100vw, 1024px\" \/><\/figure>\n\n\n\n<h4 class=\"wp-block-heading has-text-align-left\">F\u00fcr Sie getestet! <strong>Das k\u00f6nnten Sie mit unserem Geschenkpapier einpacken:<\/strong><\/h4>\n\n\n\n<p><strong>XS = 21,5 x 30,5 cm<\/strong><br>Handy, Schmuck, kleine B\u00fccher, Spiele, Schleichfiguren\u00ae u.\u00e4.<\/p>\n\n\n\n<p><strong>S = 30,5 x 43 cm<\/strong><br>Taschenb\u00fccher, Spiele, kleine Fotoalben, Deko, Kleidung u.\u00e4.<\/p>\n\n\n\n<p><strong>M = 84 cm x 1 Meter<\/strong><br>Gro\u00dfe Spieleverpackungen, Fotoalben, Bildb\u00e4nde, kleine K\u00fcchenger\u00e4te u.\u00e4.<\/p>\n\n\n\n<p><strong>L = 84 cm x 2 Meter<\/strong><br>Umzugskarton, Monitor, Drucker, K\u00fcchenger\u00e4te, R\u00fccks\u00e4cke, Kinderroller u.\u00e4.<\/p>\n\n\n\n<p><strong>XL = 84 cm x 3 Meter<\/strong><br>Stuhl, Riesen-Fernseher, Barbie\u00ae, Playmobil\u00ae- oder Schleich\u00ae-H\u00e4user u.\u00e4.<\/p>\n\n\n\n<p class=\"has-text-align-left\"><strong>XXL = 84 cm x 5 Meter<\/strong><br>XXL Playmobil\u00ae H\u00e4user, Kinder-Auto(scooter), riesen Stofftiere, Fernseher\/Monitore, Kinderfahrr\u00e4der u.\u00e4.<\/p>\n\n\n\n<p class=\"has-text-align-left\"><\/p>\n\n\n\n<p>Das Geschenkpapier wird in den Formaten XS und S auf<br>umweltfreundlichen <strong>Biotop 100 g\/qm, matt gestrichen <\/strong>und in den Formaten M, L, XL und XXL auf dem ebenfalls matt unbeschichteten <strong>Geschenkpapier FSC\u00ae 90 g\/qm<\/strong> gedruckt.<\/p>\n\n\n\n<figure class=\"wp-block-image size-full is-resized\"><img loading=\"lazy\" decoding=\"async\" width=\"771\" height=\"661\" src=\"http:\/\/dev.magischesgeschenkpapier.de\/wordpress\/wp-content\/uploads\/2023\/08\/kunden-laecheln.jpg\" alt=\"\" class=\"wp-image-132\" style=\"width:419px;height:auto\" srcset=\"https:\/\/dev.magischesgeschenkpapier.de\/wordpress\/wp-content\/uploads\/2023\/08\/kunden-laecheln.jpg 771w, https:\/\/dev.magischesgeschenkpapier.de\/wordpress\/wp-content\/uploads\/2023\/08\/kunden-laecheln-300x257.jpg 300w, https:\/\/dev.magischesgeschenkpapier.de\/wordpress\/wp-content\/uploads\/2023\/08\/kunden-laecheln-768x658.jpg 768w\" sizes=\"auto, (max-width: 771px) 100vw, 771px\" \/><\/figure>\n\n\n\n<figure class=\"wp-block-table\"><table class=\"has-fixed-layout\"><tbody><tr><td>Format<\/td><td>Bogengr\u00f6\u00dfe<\/td><td>1 Bogen*<\/td><td>2 B\u00f6gen*<\/td><td>2 B\u00f6gen*<\/td><\/tr><tr><td>XS<\/td><td>21,5 x 30,5 cm<\/td><td>3,75 \u20ac<\/td><td>3,38 \u20ac<\/td><td>2,35 \u20ac<\/td><\/tr><tr><td>S<\/td><td><br>30,5 x 43 cm<\/td><td><br>4,55 \u20ac<\/td><td><br>3,78 \u20ac<\/td><td>2,51 \u20ac<\/td><\/tr><tr><td>M<\/td><td>84 cm x 1 Meter<\/td><td><br>12,52 \u20ac<\/td><td><br>10,17 \u20ac<\/td><td>7,05 \u20ac<\/td><\/tr><tr><td>L<\/td><td>84 cm x 2 Meter<\/td><td><br>16,97 \u20ac<\/td><td>14,21 \u20ac<\/td><td>9,97 \u20ac<\/td><\/tr><tr><td>XL<\/td><td><br>84 cm x 3 Meter<\/td><td>21,85 \u20ac<\/td><td>18,28 \u20ac<\/td><td><br>15,23 \u20ac<\/td><\/tr><tr><td>XXL<\/td><td>84 cm x 5 Meter<\/td><td><br>32,77 \u20ac<\/td><td>28,28 \u20ac<\/td><td><br>19,47 \u20ac<\/td><\/tr><\/tbody><\/table><figcaption class=\"wp-element-caption\">*Preis pro Bogen. Alle Preise netto zzgl. gesetzl. Mehrwertsteuer.<br>Alle Preise freibleibend. Stand: August 2023<\/figcaption><\/figure>\n\n\n\n<div class=\"wp-block-buttons is-content-justification-center is-layout-flex wp-container-core-buttons-is-layout-a89b3969 wp-block-buttons-is-layout-flex\">\n<div class=\"wp-block-button\"><a class=\"wp-block-button__link wp-element-button\" href=\"mailto:hallo@magischesgeschenkpapier.de\" target=\"_blank\" rel=\"noreferrer noopener\">Jetzt bestellen<\/a><\/div>\n<\/div>\n\n\n\n<div style=\"height:0px\" aria-hidden=\"true\" class=\"wp-block-spacer\"><\/div>\n\n\n\n<h2 class=\"wp-block-heading has-text-align-center\">Wir drucken in Hamburg.<\/h2>\n\n\n\n<h4 class=\"wp-block-heading alignwide has-text-align-center\">Vertrauen Sie auf \u00fcber 50 Jahre Erfahrung.<\/h4>\n\n\n\n<div class=\"wp-block-group is-vertical is-layout-flex wp-container-core-group-is-layout-fe9cc265 wp-block-group-is-layout-flex\">\n<div class=\"wp-block-group is-vertical is-layout-flex wp-container-core-group-is-layout-fe9cc265 wp-block-group-is-layout-flex\">\n<figure class=\"wp-block-video\"><video height=\"1080\" style=\"aspect-ratio: 1920 \/ 1080;\" width=\"1920\" controls src=\"http:\/\/dev.magischesgeschenkpapier.de\/wordpress\/wp-content\/uploads\/2023\/01\/Elfenjob4.mp4\"><\/video><figcaption class=\"wp-element-caption\"><em>Schnell, schneller, Nehlsen: Wir drucken Ihr Geschenkpapier auf Hochleistungsdruckern mit mineral\u00f6lfreien Druckfarben.<\/em><\/figcaption><\/figure>\n<\/div>\n<\/div>\n\n\n\n<div style=\"height:60px\" aria-hidden=\"true\" class=\"wp-block-spacer\"><\/div>\n\n\n\n<h2 class=\"wp-block-heading has-text-align-center\">Nutzen Sie unseren Datenservice \u2026<\/h2>\n\n\n\n<p class=\"has-text-align-center\">\u2026 oder schicken Sie uns fertige Druckdaten:<\/p>\n\n\n\n<p class=\"has-text-align-left\">Sie schicken uns fertige Druckdaten: 0,- \u20ac<br>ODER<br>Wir individualisieren eines unserer vielen fertigen Designs mit Ihrem Logo und\/oder Text: 40,- \u20ac*<br>ODER<br>Weitere Datenanpassung nach Wunsch: 80,- \u20ac*\/Std nach Aufwand<br>ODER<br>Gestaltung eines exklusiven Designs nach Ihren W\u00fcnschen: 98,- \u20ac*\/Std nach Aufwand<\/p>\n\n\n\n<p class=\"has-text-align-left\"><br>*Alle Preise netto zzgl. gesetzl. Mehrwertsteuer. Alle Preise freibleibend.<br>Stand: August 2023<\/p>\n\n\n\n<div style=\"height:60px\" aria-hidden=\"true\" class=\"wp-block-spacer\"><\/div>\n\n\n\n<figure class=\"wp-block-image aligncenter size-large is-resized\"><img loading=\"lazy\" decoding=\"async\" width=\"1024\" height=\"245\" src=\"http:\/\/dev.magischesgeschenkpapier.de\/wordpress\/wp-content\/uploads\/2023\/01\/LOGO_NEHLSEN-quer_RGB-1024x245.png\" alt=\"\" class=\"wp-image-91\" style=\"width:478px;height:114px\" srcset=\"https:\/\/dev.magischesgeschenkpapier.de\/wordpress\/wp-content\/uploads\/2023\/01\/LOGO_NEHLSEN-quer_RGB-1024x245.png 1024w, https:\/\/dev.magischesgeschenkpapier.de\/wordpress\/wp-content\/uploads\/2023\/01\/LOGO_NEHLSEN-quer_RGB-300x72.png 300w, https:\/\/dev.magischesgeschenkpapier.de\/wordpress\/wp-content\/uploads\/2023\/01\/LOGO_NEHLSEN-quer_RGB-768x184.png 768w, https:\/\/dev.magischesgeschenkpapier.de\/wordpress\/wp-content\/uploads\/2023\/01\/LOGO_NEHLSEN-quer_RGB.png 1200w\" sizes=\"auto, (max-width: 1024px) 100vw, 1024px\" \/><\/figure>\n\n\n\n<h4 class=\"wp-block-heading alignwide has-text-align-center\">Wir sind ein professioneller Druck-, Kopier-, Plot- und Scandienstleister f\u00fcr B2B-Kunden. <br>Und Experten f\u00fcr magisches Geschenkpapier.<\/h4>\n\n\n\n<p class=\"has-text-align-center\"><a href=\"https:\/\/www.nehlsen-hamburg.de\/\" data-type=\"link\" data-id=\"https:\/\/www.nehlsen-hamburg.de\/\">Traditionsbetrieb Nehlsen<\/a> \u2013 pausenloser Service seit 1968. Was macht aus uns einen Traditionsbetrieb? Dass vor \u00fcber 50 Jahren ein Slogan unser Unternehmen \u00fcber die Hamburger Grenzen hinaus bekannt gemacht hat: \u201eNehlsen pausen pausenlos\u201c. Dass die meisten unserer Mitarbeiter seit mindestens zehn Jahren zu uns geh\u00f6ren \u2013 einige sogar seit \u00fcber 40 Jahren. Und dass wir \u00fcber die Jahrzehnte als inhabergef\u00fchrter Familienbetrieb mit hanseatischer Zuverl\u00e4ssigkeit zahlreiche Stammkunden gewonnen haben. Geh\u00f6ren auch Sie dazu!<\/p>\n\n\n\n<p class=\"has-text-align-center\">Sie wollen gleich loslegen? Gern, dann schicken Sie uns Ihre Daten, und wir schicken Ihnen ein Soft-Proof zur Freigabe zu.<\/p>\n\n\n\n<div class=\"wp-block-buttons is-content-justification-center is-layout-flex wp-container-core-buttons-is-layout-a89b3969 wp-block-buttons-is-layout-flex\">\n<div class=\"wp-block-button is-style-outline is-style-outline--1\"><a class=\"wp-block-button__link wp-element-button\" href=\"https:\/\/pro.teambeam.de\/nehlsen\" target=\"_blank\" rel=\"noreferrer noopener\">Daten via Upload schicken<\/a><\/div>\n<\/div>\n\n\n\n<div class=\"wp-block-columns is-layout-flex wp-container-core-columns-is-layout-28f84493 wp-block-columns-is-layout-flex\">\n<div class=\"wp-block-column is-layout-flow wp-block-column-is-layout-flow\"><\/div>\n\n\n\n<div class=\"wp-block-column is-layout-flow wp-block-column-is-layout-flow\"><\/div>\n<\/div>\n\n\n\n<h2 class=\"wp-block-heading has-text-align-center\">Verpackung- und Versand<\/h2>\n\n\n\n<p class=\"has-text-align-left\"><strong>Abholung<\/strong> in Hamburg Winterhude kostenfrei.<br><strong>Versandkosten DE+Weltweit:<\/strong> Versandkosten und Verpackungsmaterial nach tats\u00e4chlichem Aufwand.<br><strong>Kurier: <\/strong>Botendienst und Overnight-Service nach Absprache.<br>Abholung und Produktion in Hamburg.<\/p>\n\n\n\n<p><\/p>\n","protected":false},"excerpt":{"rendered":"<p>Sie m\u00f6chten Ihren Kunden und Mitarbeiter:innen Wertsch\u00e4tzung entgegenbringen? Ihre Filialen mit einzigartigen PoS-Artikeln begl\u00fccken? Neue Kunden gewinnen? Ihre Marketing-Materialien in Szene setzen? Wir haben das passende Geschenkpapier.Individuell, personalisiert \u2013 mit blitzschnellem Geschenkpapier-Druckservice. Binden Sie Ihre Kunden an Ihr Unternehmen und gewinnen Sie neue durch einzigartige Verpackungsl\u00f6sungen.Als Unternehmen ist es wichtig, eine starke und einpr\u00e4gsame Marke [&hellip;]<\/p>\n","protected":false},"author":1,"featured_media":0,"parent":0,"menu_order":0,"comment_status":"closed","ping_status":"closed","template":"","meta":{"footnotes":""},"class_list":["post-62","page","type-page","status-publish","hentry"],"_links":{"self":[{"href":"https:\/\/dev.magischesgeschenkpapier.de\/wordpress\/wp-json\/wp\/v2\/pages\/62","targetHints":{"allow":["GET"]}}],"collection":[{"href":"https:\/\/dev.magischesgeschenkpapier.de\/wordpress\/wp-json\/wp\/v2\/pages"}],"about":[{"href":"https:\/\/dev.magischesgeschenkpapier.de\/wordpress\/wp-json\/wp\/v2\/types\/page"}],"author":[{"embeddable":true,"href":"https:\/\/dev.magischesgeschenkpapier.de\/wordpress\/wp-json\/wp\/v2\/users\/1"}],"replies":[{"embeddable":true,"href":"https:\/\/dev.magischesgeschenkpapier.de\/wordpress\/wp-json\/wp\/v2\/comments?post=62"}],"version-history":[{"count":28,"href":"https:\/\/dev.magischesgeschenkpapier.de\/wordpress\/wp-json\/wp\/v2\/pages\/62\/revisions"}],"predecessor-version":[{"id":162,"href":"https:\/\/dev.magischesgeschenkpapier.de\/wordpress\/wp-json\/wp\/v2\/pages\/62\/revisions\/162"}],"wp:attachment":[{"href":"https:\/\/dev.magischesgeschenkpapier.de\/wordpress\/wp-json\/wp\/v2\/media?parent=62"}],"curies":[{"name":"wp","href":"https:\/\/api.w.org\/{rel}","templated":true}]}}